{"id":126,"date":"2011-12-16T13:17:48","date_gmt":"2011-12-16T13:17:48","guid":{"rendered":"http:\/\/modele-regionales.apbg.org\/?page_id=2"},"modified":"2026-02-03T10:10:08","modified_gmt":"2026-02-03T09:10:08","slug":"organigramme","status":"publish","type":"page","link":"https:\/\/strasbourg.apbg.fr\/?page_id=126","title":{"rendered":"Organigramme"},"content":{"rendered":"\n<p><strong>Nouveau comit\u00e9 : 20 janvier 2024<\/strong><\/p>\n\n\n\n<ul class=\"wp-block-list\">\n<li>Pr\u00e9sident :<span style=\"color: #0000ff\">Jean-Jacques BELEN<\/span><\/li>\n\n\n\n<li>Tr\u00e9sori\u00e8re : <span style=\"color: #0000ff\">Aur\u00e9lie FERDERSPIEL-LEBER<\/span><\/li>\n\n\n\n<li>Secr\u00e9taire :<span style=\"color: #0000ff\">Sophie SCHMITT<\/span><\/li>\n<\/ul>\n\n\n\n<p><strong>Si\u00e8geront au conseil d&rsquo;administration :<\/strong><\/p>\n\n\n\n<ul class=\"wp-block-list\">\n<li>\u00a0<span style=\"color: #0000ff\"><span style=\"color: #000000\">Titulaires :<\/span> Jean-Jacques BELEN et Sophie SCHMITT<\/span><\/li>\n\n\n\n<li><span style=\"color: #0000ff\"><span style=\"color: #000000\">\u00a0Suppl\u00e9ants :<\/span> Marine BOESCH-HINTERER, Julien BAUDRY<\/span><\/li>\n<\/ul>\n\n\n\n<p><strong>R\u00e9partition des t\u00e2ches au sein de la R\u00e9gionale de Strasbourg :<\/strong><\/p>\n\n\n\n<ul class=\"wp-block-list\">\n<li>Site internet de la r\u00e9gionale : <span style=\"color: #0000ff\">Marie-Roberte GENDRAULT<\/span><\/li>\n\n\n\n<li>Facebook : <span style=\"color: #0000ff\">Aur\u00e9lie LEBER<\/span><\/li>\n<\/ul>\n\n\n\n<p><strong>D\u00e9l\u00e9gu\u00e9s aux commissions p\u00e9dagogiques de L&rsquo;APBG<\/strong> :<\/p>\n\n\n\n<ul class=\"wp-block-list\">\n<li><span style=\"color: #0000ff\"><span style=\"color: #000000\">pour les lyc\u00e9es :<\/span> Jean-Jacques BELEN et Sophie SCHMITT<\/span><\/li>\n\n\n\n<li><span style=\"color: #0000ff\"><span style=\"color: #000000\">pour les coll\u00e8ges : <\/span>Julien BAUDRY et Rapa\u00ebl SAGER<\/span><\/li>\n<\/ul>\n\n\n\n<p><strong>Lien avec les instances acad\u00e9miques<\/strong> (IPR, lithoth\u00e8que, site SVT, PAF&#8230; ) : <span style=\"color: #0000ff\">Jean-Jacques BELEN<\/span><\/p>\n\n\n\n<p><strong>Relais avec les stagiaires :<\/strong><span style=\"color: #0000ff\"> Julien BAUDRY<\/span><\/p>\n","protected":false},"excerpt":{"rendered":"<p>Nouveau comit\u00e9 : 20 janvier 2024 Si\u00e8geront au conseil d&rsquo;administration : R\u00e9partition des t\u00e2ches au sein de la R\u00e9gionale de<\/p>\n","protected":false},"author":1,"featured_media":0,"parent":0,"menu_order":20,"comment_status":"closed","ping_status":"closed","template":"","meta":{"colormag_page_container_layout":"default_layout","colormag_page_sidebar_layout":"default_layout","footnotes":""},"class_list":["post-126","page","type-page","status-publish","hentry"],"_links":{"self":[{"href":"https:\/\/strasbourg.apbg.fr\/index.php?rest_route=\/wp\/v2\/pages\/126","targetHints":{"allow":["GET"]}}],"collection":[{"href":"https:\/\/strasbourg.apbg.fr\/index.php?rest_route=\/wp\/v2\/pages"}],"about":[{"href":"https:\/\/strasbourg.apbg.fr\/index.php?rest_route=\/wp\/v2\/types\/page"}],"author":[{"embeddable":true,"href":"https:\/\/strasbourg.apbg.fr\/index.php?rest_route=\/wp\/v2\/users\/1"}],"replies":[{"embeddable":true,"href":"https:\/\/strasbourg.apbg.fr\/index.php?rest_route=%2Fwp%2Fv2%2Fcomments&post=126"}],"version-history":[{"count":2,"href":"https:\/\/strasbourg.apbg.fr\/index.php?rest_route=\/wp\/v2\/pages\/126\/revisions"}],"predecessor-version":[{"id":773,"href":"https:\/\/strasbourg.apbg.fr\/index.php?rest_route=\/wp\/v2\/pages\/126\/revisions\/773"}],"wp:attachment":[{"href":"https:\/\/strasbourg.apbg.fr\/index.php?rest_route=%2Fwp%2Fv2%2Fmedia&parent=126"}],"curies":[{"name":"wp","href":"https:\/\/api.w.org\/{rel}","templated":true}]}}