{"id":127,"date":"2011-12-16T13:22:41","date_gmt":"2011-12-16T13:22:41","guid":{"rendered":"http:\/\/modele-regionales.apbg.org\/?page_id=6"},"modified":"2026-02-03T10:16:02","modified_gmt":"2026-02-03T09:16:02","slug":"activites","status":"publish","type":"page","link":"https:\/\/strasbourg.apbg.fr\/?page_id=127","title":{"rendered":"Activit\u00e9s"},"content":{"rendered":"<div class=\"wp-block-archives-dropdown wp-block-archives\"><label for=\"wp-block-archives-1\" class=\"wp-block-archives__label\">Archives<\/label>\n\t\t<select id=\"wp-block-archives-1\" name=\"archive-dropdown\">\n\t\t<option value=\"\">S\u00e9lectionner l\u2019ann\u00e9e<\/option>\t<option value='https:\/\/strasbourg.apbg.fr\/?m=2026'> 2026 <\/option>\n\t<option value='https:\/\/strasbourg.apbg.fr\/?m=2025'> 2025 <\/option>\n\t<option value='https:\/\/strasbourg.apbg.fr\/?m=2024'> 2024 <\/option>\n\t<option value='https:\/\/strasbourg.apbg.fr\/?m=2023'> 2023 <\/option>\n\t<option value='https:\/\/strasbourg.apbg.fr\/?m=2022'> 2022 <\/option>\n\t<option value='https:\/\/strasbourg.apbg.fr\/?m=2021'> 2021 <\/option>\n\t<option value='https:\/\/strasbourg.apbg.fr\/?m=2020'> 2020 <\/option>\n\t<option value='https:\/\/strasbourg.apbg.fr\/?m=2019'> 2019 <\/option>\n\t<option value='https:\/\/strasbourg.apbg.fr\/?m=2018'> 2018 <\/option>\n\t<option value='https:\/\/strasbourg.apbg.fr\/?m=2017'> 2017 <\/option>\n\t<option value='https:\/\/strasbourg.apbg.fr\/?m=2016'> 2016 <\/option>\n\t<option value='https:\/\/strasbourg.apbg.fr\/?m=2015'> 2015 <\/option>\n\t<option value='https:\/\/strasbourg.apbg.fr\/?m=2014'> 2014 <\/option>\n\t<option value='https:\/\/strasbourg.apbg.fr\/?m=2011'> 2011 <\/option>\n\t<option value='https:\/\/strasbourg.apbg.fr\/?m=2010'> 2010 <\/option>\n\t<option value='https:\/\/strasbourg.apbg.fr\/?m=2009'> 2009 <\/option>\n<\/select><script type=\"text\/javascript\">\n\/* <![CDATA[ *\/\n( ( [ dropdownId, homeUrl ] ) => {\n\t\tconst dropdown = document.getElementById( dropdownId );\n\t\tfunction onSelectChange() {\n\t\t\tsetTimeout( () => {\n\t\t\t\tif ( 'escape' === dropdown.dataset.lastkey ) {\n\t\t\t\t\treturn;\n\t\t\t\t}\n\t\t\t\tif ( dropdown.value ) {\n\t\t\t\t\tlocation.href = dropdown.value;\n\t\t\t\t}\n\t\t\t}, 250 );\n\t\t}\n\t\tfunction onKeyUp( event ) {\n\t\t\tif ( 'Escape' === event.key ) {\n\t\t\t\tdropdown.dataset.lastkey = 'escape';\n\t\t\t} else {\n\t\t\t\tdelete dropdown.dataset.lastkey;\n\t\t\t}\n\t\t}\n\t\tfunction onClick() {\n\t\t\tdelete dropdown.dataset.lastkey;\n\t\t}\n\t\tdropdown.addEventListener( 'keyup', onKeyUp );\n\t\tdropdown.addEventListener( 'click', onClick );\n\t\tdropdown.addEventListener( 'change', onSelectChange );\n\t} )( [\"wp-block-archives-1\",\"https:\/\/strasbourg.apbg.fr\"] );\n\/\/# sourceURL=block_core_archives_build_dropdown_script\n\/* ]]> *\/\n<\/script>\n<\/div>\n\n<ul class=\"wp-block-latest-posts__list is-grid columns-3 wp-block-latest-posts\"><li><a class=\"wp-block-latest-posts__post-title\" href=\"https:\/\/strasbourg.apbg.fr\/?p=834\">G\u00c9OLOGIE de la VALL\u00c9E de la Bruche samedi 13 juin 2026<\/a><div class=\"wp-block-latest-posts__post-excerpt\">De la Cha\u00eene hercynienne au passage de N\u00e9andertal\u00a0: 400 millions d\u2019ann\u00e9es d\u2019histoire L\u2019APBG vous propose de d\u00e9couvrir la tr\u00e8s riche histoire g\u00e9ologique de la vall\u00e9e de la Bruche \u00e0 l\u2019ouest de Strasbourg le samedi 13 juin 2026. Cette sortie permettra de retracer pr\u00e8s de 400 millions d\u2019ann\u00e9es d\u2019histoire. Au programme\u00a0: traces<\/div><\/li>\n<li><a class=\"wp-block-latest-posts__post-title\" href=\"https:\/\/strasbourg.apbg.fr\/?p=756\">Levures en action : samedi 15 novembre 2025<\/a><div class=\"wp-block-latest-posts__post-excerpt\">Participez \u00e0 une journ\u00e9e immersive d\u00e9di\u00e9e aux levures, o\u00f9 vous d\u00e9couvrirez leurs applications pratiques dans la boulangerie et la production de bi\u00e8re. Cette formation est con\u00e7us sp\u00e9cialement pour les professeurs de SVT d\u00e9sireux d&rsquo;enrichir leur enseignement avec des exp\u00e9riences concr\u00e8tes et engageantes. Inscription \u00e0 la formation : Suivez le lien :<\/div><\/li>\n<li><a class=\"wp-block-latest-posts__post-title\" href=\"https:\/\/strasbourg.apbg.fr\/?p=742\">Samedi 28 juin 2025 Sortie g\u00e9ologie dans la ville \u00e0 Strasbourg<\/a><div class=\"wp-block-latest-posts__post-excerpt\">Les d\u00e9ambulations dans une ville nous donnent acc\u00e8s \u00e0 l\u2019histoire de sa r\u00e9gion par l\u2019observation de ses monuments. Il suffit de lever les yeux, de se munir d\u2019une loupe et d\u2019observer. Au cours de cette sortie de 2 \u00e0 3 h, nous d\u00e9couvrirons les roches embl\u00e9matiques de notre r\u00e9gion mais aussi<\/div><\/li>\n<li><a class=\"wp-block-latest-posts__post-title\" href=\"https:\/\/strasbourg.apbg.fr\/?p=658\">Programme \u00e0 venir<\/a><div class=\"wp-block-latest-posts__post-excerpt\">La r\u00e9gionale de Nancy Metz&nbsp; passe la fronti\u00e8re et nous propose de nous inscrire \u00e0 la sortie \u00e0 la Bourse fossiles et min\u00e9raux \u00e0 Saint-Marie-aux-Mines le samedi 28 juin 2025 Programme :&nbsp; 10h : Le rendez-vous est pr\u00e9vu \u00e0 sur l&rsquo;un des parkings.&nbsp; L&rsquo;entr\u00e9e entre 8 et 12 \u20ac par personne<\/div><\/li>\n<li><a class=\"wp-block-latest-posts__post-title\" href=\"https:\/\/strasbourg.apbg.fr\/?p=685\">Samedi 14 juin 2025\u00a0: \u00c0 la d\u00e9couverte de la g\u00e9ologie du Sundgau et du Jura alsacien<\/a><div class=\"wp-block-latest-posts__post-excerpt\">L\u2019APBG vous propose de d\u00e9couvrir la tr\u00e8s riche histoire g\u00e9ologique du Sundgau et du Jura alsacien le samedi 14 juin 2025, gr\u00e2ce \u00e0 la visite de sites exceptionnels comme la carri\u00e8re de la cimenterie d\u2019Altkirch ou les environs de Ferrette. Cette sortie permettra de retracer 170 millions d\u2019ann\u00e9es d\u2019histoire, de la<\/div><\/li>\n<li><a class=\"wp-block-latest-posts__post-title\" href=\"https:\/\/strasbourg.apbg.fr\/?p=683\">3 mai 2025 Patrimoine militaire et g\u00e9ologique du secteur de Bitche<\/a><div class=\"wp-block-latest-posts__post-excerpt\">Cette sortie se fait en coop\u00e9ration avec la r\u00e9gionale de Nancy-Metz Programme de la journ\u00e9e Plus d\u2019infos&nbsp;:&nbsp; htps:\/\/ohm-pays-de-bitche.in2p3.fr https:\/\/sites.ac-nancy-metz.fr\/base-geol\/fiche.php?dossier=234&amp;p=3descrip Pour pouvoir participer aux sorties vous devez \u00eatre&nbsp;membres de l\u2019APBG Inscription obligatoire: lien pour l&rsquo;inscription Le rendez-vous est fix\u00e9 \u00e0 9H30 parking de la citadelle \u00e0 Bitche, rue des Tilleuls.<\/div><\/li>\n<\/ul>","protected":false},"excerpt":{"rendered":"","protected":false},"author":1,"featured_media":0,"parent":0,"menu_order":10,"comment_status":"closed","ping_status":"closed","template":"","meta":{"colormag_page_container_layout":"default_layout","colormag_page_sidebar_layout":"default_layout","footnotes":""},"class_list":["post-127","page","type-page","status-publish","hentry"],"_links":{"self":[{"href":"https:\/\/strasbourg.apbg.fr\/index.php?rest_route=\/wp\/v2\/pages\/127","targetHints":{"allow":["GET"]}}],"collection":[{"href":"https:\/\/strasbourg.apbg.fr\/index.php?rest_route=\/wp\/v2\/pages"}],"about":[{"href":"https:\/\/strasbourg.apbg.fr\/index.php?rest_route=\/wp\/v2\/types\/page"}],"author":[{"embeddable":true,"href":"https:\/\/strasbourg.apbg.fr\/index.php?rest_route=\/wp\/v2\/users\/1"}],"replies":[{"embeddable":true,"href":"https:\/\/strasbourg.apbg.fr\/index.php?rest_route=%2Fwp%2Fv2%2Fcomments&post=127"}],"version-history":[{"count":4,"href":"https:\/\/strasbourg.apbg.fr\/index.php?rest_route=\/wp\/v2\/pages\/127\/revisions"}],"predecessor-version":[{"id":780,"href":"https:\/\/strasbourg.apbg.fr\/index.php?rest_route=\/wp\/v2\/pages\/127\/revisions\/780"}],"wp:attachment":[{"href":"https:\/\/strasbourg.apbg.fr\/index.php?rest_route=%2Fwp%2Fv2%2Fmedia&parent=127"}],"curies":[{"name":"wp","href":"https:\/\/api.w.org\/{rel}","templated":true}]}}