{"id":128,"date":"2011-12-16T13:23:31","date_gmt":"2011-12-16T13:23:31","guid":{"rendered":"http:\/\/modele-regionales.apbg.org\/?page_id=8"},"modified":"2026-03-15T17:51:34","modified_gmt":"2026-03-15T16:51:34","slug":"accueil","status":"publish","type":"page","link":"https:\/\/strasbourg.apbg.fr\/","title":{"rendered":"Accueil"},"content":{"rendered":"\n<p>Bienvenue sur le site de la r\u00e9gionale de Strasbourg de l&rsquo;APBG.<\/p>\n\n\n\n<figure class=\"wp-block-image size-full\"><img loading=\"lazy\" decoding=\"async\" width=\"960\" height=\"720\" src=\"https:\/\/strasbourg.apbg.fr\/wp-content\/uploads\/2026\/01\/accueil_APBGregionale.jpg\" alt=\"\" class=\"wp-image-25\" srcset=\"https:\/\/strasbourg.apbg.fr\/wp-content\/uploads\/2026\/01\/accueil_APBGregionale.jpg 960w, https:\/\/strasbourg.apbg.fr\/wp-content\/uploads\/2026\/01\/accueil_APBGregionale-300x225.jpg 300w, https:\/\/strasbourg.apbg.fr\/wp-content\/uploads\/2026\/01\/accueil_APBGregionale-768x576.jpg 768w\" sizes=\"auto, (max-width: 960px) 100vw, 960px\" \/><\/figure>\n\n\n\n<p><\/p>\n\n\n\n<p><\/p>\n\n\n\n<p><\/p>\n\n\n\n<p><\/p>\n\n\n\n<p><\/p>\n\n\n\n<p class=\"has-cm-color-6-color has-text-color has-link-color has-huge-font-size wp-elements-9b41694cfaba3befe3832ae130051fe8\"><strong>Prochaine activit\u00e9: <\/strong><\/p>\n\n\n\n<p><\/p>\n\n\n\n<p class=\"has-xx-large-font-size\"><strong>G\u00e9ologie de la vall\u00e9e de la Bruche&nbsp;:<\/strong><\/p>\n\n\n\n<p class=\"has-large-font-size\"><strong>De la Cha\u00eene hercynienne au passage de N\u00e9andertal&nbsp;: 400 millions d\u2019ann\u00e9es d\u2019histoire<\/strong><\/p>\n\n\n\n<p class=\"has-xx-large-font-size\"><strong>Samedi 13 juin 2026<\/strong><\/p>\n\n\n\n<p><\/p>\n","protected":false},"excerpt":{"rendered":"<p>Bienvenue sur le site de la r\u00e9gionale de Strasbourg de l&rsquo;APBG. Prochaine activit\u00e9: G\u00e9ologie de la vall\u00e9e de la Bruche&nbsp;:<\/p>\n","protected":false},"author":1,"featured_media":0,"parent":0,"menu_order":0,"comment_status":"closed","ping_status":"closed","template":"","meta":{"colormag_page_container_layout":"default_layout","colormag_page_sidebar_layout":"default_layout","footnotes":""},"class_list":["post-128","page","type-page","status-publish","hentry"],"_links":{"self":[{"href":"https:\/\/strasbourg.apbg.fr\/index.php?rest_route=\/wp\/v2\/pages\/128","targetHints":{"allow":["GET"]}}],"collection":[{"href":"https:\/\/strasbourg.apbg.fr\/index.php?rest_route=\/wp\/v2\/pages"}],"about":[{"href":"https:\/\/strasbourg.apbg.fr\/index.php?rest_route=\/wp\/v2\/types\/page"}],"author":[{"embeddable":true,"href":"https:\/\/strasbourg.apbg.fr\/index.php?rest_route=\/wp\/v2\/users\/1"}],"replies":[{"embeddable":true,"href":"https:\/\/strasbourg.apbg.fr\/index.php?rest_route=%2Fwp%2Fv2%2Fcomments&post=128"}],"version-history":[{"count":6,"href":"https:\/\/strasbourg.apbg.fr\/index.php?rest_route=\/wp\/v2\/pages\/128\/revisions"}],"predecessor-version":[{"id":839,"href":"https:\/\/strasbourg.apbg.fr\/index.php?rest_route=\/wp\/v2\/pages\/128\/revisions\/839"}],"wp:attachment":[{"href":"https:\/\/strasbourg.apbg.fr\/index.php?rest_route=%2Fwp%2Fv2%2Fmedia&parent=128"}],"curies":[{"name":"wp","href":"https:\/\/api.w.org\/{rel}","templated":true}]}}